{"id":389,"date":"2026-01-21T02:24:19","date_gmt":"2026-01-21T01:24:19","guid":{"rendered":"https:\/\/adrena.fun\/home\/?page_id=389"},"modified":"2026-04-22T14:54:13","modified_gmt":"2026-04-22T13:54:13","slug":"plus-dinformations","status":"publish","type":"page","link":"https:\/\/adrena.fun\/home\/plus-dinformations\/","title":{"rendered":"Nos activit\u00e9s"},"content":{"rendered":"\n<div id=\"wp-block-themeisle-blocks-accordion-a3e09fb4\" class=\"wp-block-themeisle-blocks-accordion exclusive has-dark-title-bg has-dark-active-title-bg  has-dark-content-bg\">\n<details class=\"wp-block-themeisle-blocks-accordion-item\"><summary class=\"wp-block-themeisle-blocks-accordion-item__title\"><div><strong>Deviens pilote FPV indoor en 24h!<\/strong><\/div><\/summary><div class=\"wp-block-themeisle-blocks-accordion-item__content\"><div class=\"wp-block-image\">\n<figure class=\"aligncenter size-large is-resized\"><img loading=\"lazy\" decoding=\"async\" width=\"1024\" height=\"341\" src=\"https:\/\/adrena.fun\/wp-content\/uploads\/2026\/03\/41552_adrena_logo_PS_GR-031-1024x341.png\" alt=\"\" class=\"wp-image-616\" style=\"aspect-ratio:3.0031465210163857;width:471px;height:auto\" srcset=\"https:\/\/adrena.fun\/wp-content\/uploads\/2026\/03\/41552_adrena_logo_PS_GR-031-1024x341.png 1024w, https:\/\/adrena.fun\/wp-content\/uploads\/2026\/03\/41552_adrena_logo_PS_GR-031-300x100.png 300w, https:\/\/adrena.fun\/wp-content\/uploads\/2026\/03\/41552_adrena_logo_PS_GR-031-768x256.png 768w, https:\/\/adrena.fun\/wp-content\/uploads\/2026\/03\/41552_adrena_logo_PS_GR-031-1536x512.png 1536w, https:\/\/adrena.fun\/wp-content\/uploads\/2026\/03\/41552_adrena_logo_PS_GR-031-2048x683.png 2048w\" sizes=\"auto, (max-width: 1024px) 100vw, 1024px\" \/><\/figure>\n<\/div>\n\n\n<p class=\"has-text-align-center has-light-green-cyan-color has-text-color has-link-color wp-elements-06af28cc3361cd1f27e0722b8414803f\" style=\"font-size:25px\"><strong>Deviens pilote FPV d\u00e9butant \u2013 Mode Manuel<\/strong><\/p>\n\n\n\n<p style=\"font-size:22px\">Une formation compl\u00e8te pour apprendre \u00e0 piloter un drone FPV en mode manuel (Acro) et acqu\u00e9rir de vraies bases solides.<br>Le programme est con\u00e7u pour te faire progresser \u00e9tape par \u00e9tape, avec un accompagnement constant.<\/p>\n\n\n\n<p style=\"font-size:22px\">La formation comprend 24 heures de pratique, r\u00e9parties en 6 sessions de 4 heures, encadr\u00e9es par des pilotes FPV passionn\u00e9s.<br>Chaque session m\u00e9lange th\u00e9orie essentielle, exercices pratiques et temps de vol, afin de d\u00e9velopper la pr\u00e9cision, le contr\u00f4le et la confiance en soi.<\/p>\n\n\n\n<p style=\"font-size:22px\">L\u2019apprentissage se fait dans un cadre s\u00e9curis\u00e9, progressif et adapt\u00e9 aux d\u00e9butants, avec du mat\u00e9riel appropri\u00e9 et des conseils personnalis\u00e9s.<\/p>\n\n\n\n<p style=\"font-size:22px\">Objectif : te rendre autonome en pilotage FPV manuel, sans br\u00fbler les \u00e9tapes, tout en prenant un maximum de plaisir.<\/p>\n\n\n\n<p class=\"has-text-align-center has-light-green-cyan-color has-text-color has-link-color wp-elements-0da6c835e539f0d067d70872a13a4bd4\" style=\"font-size:25px\"><strong>Horaires : <\/strong><\/p>\n\n\n\n<p class=\"has-light-green-cyan-color has-text-color has-link-color wp-elements-72890f5c53d80fc7c5565d5a0de9073b\" style=\"font-size:22px\"><strong>Groupe 1 (matin)<\/strong><\/p>\n\n\n\n<p class=\"has-link-color wp-elements-5f07fdcc355d3f2e90ae06e2d389e5a9\" style=\"font-size:22px\">09h00 \u2013 12h00<\/p>\n\n\n\n<p class=\"has-light-green-cyan-color has-text-color has-link-color wp-elements-c1115946a1701cc6d7b1554fa158bb9b\" style=\"font-size:22px\"><strong>Groupe 2 (apr\u00e8s-midi)<\/strong><\/p>\n\n\n\n<p class=\"has-link-color wp-elements-49ccaaae78482786e394b1a85e98b157\" style=\"font-size:22px\">13h00 \u2013 16h00<\/p>\n\n\n\n<p style=\"font-size:22px\"><strong>Petits groupes<\/strong> : 2 \u00e0 4 participants maximum par session<br><strong>Avantage<\/strong> : accompagnement personnalis\u00e9 et progression rapide<\/p>\n\n\n\n<p style=\"font-size:22px\">*Les deux groupes suivent le m\u00eame programme complet, simplement sur des cr\u00e9neaux diff\u00e9rents.<\/p>\n\n\n\n<p class=\"has-text-align-center has-light-green-cyan-color has-text-color has-link-color wp-elements-a8fb8114ff9569d58e54526fc53c0a2a\" style=\"font-size:25px\"><strong>Informations &amp; inscriptions<\/strong><\/p>\n\n\n\n<p style=\"font-size:22px\">Les inscriptions se font pour l&rsquo;instant uniquement par t\u00e9l\u00e9phone, afin de vous proposer un accompagnement personnalis\u00e9 et de fixer ensemble les dates de formation les plus adapt\u00e9es.<\/p>\n\n\n\n<p style=\"font-size:22px\">*Cela nous permet \u00e9galement de r\u00e9pondre \u00e0 toutes vos questions (organisation, niveau, mat\u00e9riel, d\u00e9roulement\u2026).<\/p>\n\n\n\n<p style=\"font-size:22px\">Une fois l\u2019inscription confirm\u00e9e, vous recevrez un <strong>email r\u00e9capitulatif<\/strong> avec toutes les informations utiles, ainsi que les modalit\u00e9s de paiement (num\u00e9ro de compte, etc.).<\/p>\n\n\n\n<p class=\"has-light-green-cyan-color has-text-color has-link-color wp-elements-2c6e3e3b892f7ca2d3d445027bc1b948\" style=\"font-size:23px\"><em><strong>R\u00e9servation par t\u00e9l\u00e9phone : +32 489 20 46 96<\/strong><\/em><\/p>\n\n\n\n<p class=\"has-text-align-center has-light-green-cyan-color has-text-color has-link-color wp-elements-2d37920ade7ba5118a46841eb0a57972\" style=\"font-size:25px\"><strong>Tarifs : <\/strong><\/p>\n\n\n\n<p style=\"font-size:22px\">Solo : 1500\u20ac<\/p>\n\n\n\n<p style=\"font-size:22px\">Duo : 1350\u20ac (par per.)<\/p>\n\n\n\n<p class=\"has-light-green-cyan-color has-text-color has-link-color wp-elements-211b3de67a94bcfff949850126db332a\" style=\"font-size:23px\">(Licence Liftoff Micro Drones &#8211; Kit FPV (t\u00e9l\u00e9commande, masque FPV, Drone) inclus.)<\/p>\n<\/div><\/details>\n<\/div>\n\n\n\n<div id=\"wp-block-themeisle-blocks-accordion-c219dbf7\" class=\"wp-block-themeisle-blocks-accordion exclusive has-dark-title-bg  has-dark-content-bg has-dark-active-title-bg\">\n<details class=\"wp-block-themeisle-blocks-accordion-item\"><summary class=\"wp-block-themeisle-blocks-accordion-item__title\"><div><strong>Initiation<\/strong> <strong>FPV<\/strong><\/div><\/summary><div class=\"wp-block-themeisle-blocks-accordion-item__content\"><div class=\"wp-block-image\">\n<figure class=\"aligncenter size-large is-resized\"><img loading=\"lazy\" decoding=\"async\" width=\"1024\" height=\"341\" src=\"https:\/\/adrena.fun\/wp-content\/uploads\/2026\/03\/41552_adrena_logo_PS_GR-031-1024x341.png\" alt=\"\" class=\"wp-image-616\" style=\"aspect-ratio:3.0031465210163857;width:471px;height:auto\" srcset=\"https:\/\/adrena.fun\/wp-content\/uploads\/2026\/03\/41552_adrena_logo_PS_GR-031-1024x341.png 1024w, https:\/\/adrena.fun\/wp-content\/uploads\/2026\/03\/41552_adrena_logo_PS_GR-031-300x100.png 300w, https:\/\/adrena.fun\/wp-content\/uploads\/2026\/03\/41552_adrena_logo_PS_GR-031-768x256.png 768w, https:\/\/adrena.fun\/wp-content\/uploads\/2026\/03\/41552_adrena_logo_PS_GR-031-1536x512.png 1536w, https:\/\/adrena.fun\/wp-content\/uploads\/2026\/03\/41552_adrena_logo_PS_GR-031-2048x683.png 2048w\" sizes=\"auto, (max-width: 1024px) 100vw, 1024px\" \/><\/figure>\n<\/div>\n\n\n<p class=\"has-text-align-center has-light-green-cyan-color has-text-color has-link-color wp-elements-dd0822dac054f0cb555d6428daaead1e\" style=\"font-size:23px\"><strong>Initiation FPV \u2013 2h<\/strong><\/p>\n\n\n\n<p class=\"has-text-align-left has-white-color has-text-color has-link-color wp-elements-7b36de95f46ab31de9440f400b4fdb78\" style=\"font-size:22px\"><strong><br><\/strong>D\u00e9couvre avec nous l\u2019univers captivant du drone FPV lors d\u2019une session immersive de 2 heures, accessible \u00e0 tous.<\/p>\n\n\n\n<p class=\"has-text-align-left has-white-color has-text-color has-link-color wp-elements-f6e1e44753f005dd082d5bdc8c72effb\" style=\"font-size:22px\"><br>Viens t\u2019initier \u00e0 cette technologie en plein essor, apprendre les bases essentielles du pilotage et comprendre comment contr\u00f4ler un drone en toute s\u00e9curit\u00e9.<br>Durant cette activit\u00e9, les participants d\u00e9couvrent concr\u00e8tement le monde du drone FPV gr\u00e2ce \u00e0 un encadrement adapt\u00e9 et progressif.<\/p>\n\n\n\n<p class=\"has-text-align-left has-white-color has-text-color has-link-color wp-elements-de60b3e220a7896638360fa764b7c563\" style=\"font-size:22px\"><br>Comprendre le fonctionnement d\u2019un drone, se familiariser avec les commandes et effectuer ses premiers vols en toute confiance.<br>Au fil des 2 heures, tu progresses \u00e9tape par \u00e9tape :<\/p>\n\n\n\n<p class=\"has-text-align-left has-white-color has-text-color has-link-color wp-elements-953066cf265f4331c04f4903e144f925\" style=\"font-size:22px\"><br>Initiation au pilotage sur simulateur, prise en main des radiocommandes, d\u00e9couverte du mat\u00e9riel FPV et premiers vols en conditions r\u00e9elles. Les activit\u00e9s combinent apprentissage, pratique et fun pour une exp\u00e9rience dynamique et accessible.<\/p>\n\n\n\n<p class=\"has-text-align-left has-white-color has-text-color has-link-color wp-elements-9dce4e7adac8c7f6227af9da18d1166d\" style=\"font-size:22px\"><br>L\u2019activit\u00e9 est accessible sans aucune exp\u00e9rience pr\u00e9alable.<br>Les participants repartent avec les bases n\u00e9cessaires pour continuer \u00e0 s\u2019entra\u00eener \u00e0 la maison, notamment gr\u00e2ce \u00e0 l\u2019utilisation de simulateurs de vol et de conseils personnalis\u00e9s.<\/p>\n\n\n\n<p class=\"has-text-align-left has-white-color has-text-color has-link-color wp-elements-18b9fa413e2d2953b46dd33b87de7942\" style=\"font-size:22px\"><br>Entre d\u00e9couverte, pilotage et petits d\u00e9fis, l\u2019objectif est de proposer une premi\u00e8re exp\u00e9rience compl\u00e8te du FPV, permettant \u00e0 chacun de prendre confiance, progresser rapidement et d\u00e9velopper une nouvelle passion.<\/p>\n\n\n\n<p class=\"has-light-green-cyan-color has-text-color has-link-color wp-elements-2fd35efb3631c608d9369ef1d8014231\" style=\"font-size:25px\"><strong>Horaires :<\/strong><\/p>\n\n\n\n<ul class=\"wp-block-list\">\n<li class=\"has-white-color has-text-color has-link-color wp-elements-6bd018711cfb10f9160f00b38d83d15a\" style=\"font-size:22px\"><\/li>\n<\/ul>\n\n\n\n<p class=\"has-light-green-cyan-color has-text-color has-link-color wp-elements-4ada789da870a56d682dfc1cb2cd8167\" style=\"font-size:25px\"><strong>Tarifs : <\/strong><\/p>\n\n\n\n<ul class=\"wp-block-list\">\n<li class=\"has-white-color has-text-color has-link-color wp-elements-e5a82c3c9cce58004bd9c77014cafc21\" style=\"font-size:22px\">499\u20ac &#8211; Kit FPV inclus (Masque FPV, Radio RC et le drone) <\/li>\n<\/ul>\n<\/div><\/details>\n<\/div>\n\n\n\n<div id=\"wp-block-themeisle-blocks-accordion-0707b6ef\" class=\"wp-block-themeisle-blocks-accordion exclusive has-dark-title-bg  has-dark-content-bg has-dark-active-title-bg\">\n<details class=\"wp-block-themeisle-blocks-accordion-item\"><summary class=\"wp-block-themeisle-blocks-accordion-item__title\"><div><strong>Atelier d\u00e9couverte<\/strong><\/div><\/summary><div class=\"wp-block-themeisle-blocks-accordion-item__content\"><div class=\"wp-block-image\">\n<figure class=\"aligncenter size-large is-resized\"><img loading=\"lazy\" decoding=\"async\" width=\"1024\" height=\"341\" src=\"https:\/\/adrena.fun\/wp-content\/uploads\/2026\/03\/41552_adrena_logo_PS_GR-031-1024x341.png\" alt=\"\" class=\"wp-image-616\" style=\"aspect-ratio:3.0031465210163857;width:471px;height:auto\" srcset=\"https:\/\/adrena.fun\/wp-content\/uploads\/2026\/03\/41552_adrena_logo_PS_GR-031-1024x341.png 1024w, https:\/\/adrena.fun\/wp-content\/uploads\/2026\/03\/41552_adrena_logo_PS_GR-031-300x100.png 300w, https:\/\/adrena.fun\/wp-content\/uploads\/2026\/03\/41552_adrena_logo_PS_GR-031-768x256.png 768w, https:\/\/adrena.fun\/wp-content\/uploads\/2026\/03\/41552_adrena_logo_PS_GR-031-1536x512.png 1536w, https:\/\/adrena.fun\/wp-content\/uploads\/2026\/03\/41552_adrena_logo_PS_GR-031-2048x683.png 2048w\" sizes=\"auto, (max-width: 1024px) 100vw, 1024px\" \/><\/figure>\n<\/div>\n\n\n<p class=\"has-text-align-center has-light-green-cyan-color has-text-color has-link-color wp-elements-83a3e8736f3ee364c00cf74667e43093\" style=\"font-size:25px\"><strong>D\u00e9couverte Drone &amp; FPV \u2013 1h<\/strong>30<\/p>\n\n\n\n<p class=\"has-text-align-left has-white-color has-text-color has-link-color wp-elements-67a26a454f921fadbe42b599456c7324\" style=\"font-size:25px\"><strong><br><\/strong>Viens d\u00e9couvrir l\u2019univers des drones et du FPV \u00e0 travers une activit\u00e9 fun, immersive et accessible \u00e0 tous.<\/p>\n\n\n\n<p class=\"has-text-align-left has-white-color has-text-color has-link-color wp-elements-df04d686f6e87dc718cee631aba82300\" style=\"font-size:25px\"><br>Durant cette session d\u20191 heure, les participants explorent diff\u00e9rentes facettes du pilotage et des technologies li\u00e9es aux drones, dans un cadre s\u00e9curis\u00e9 et encadr\u00e9.<\/p>\n\n\n\n<p class=\"has-text-align-left has-white-color has-text-color has-link-color wp-elements-07d1413b21880781dd563a47da7ee208\" style=\"font-size:25px\"><br>L\u2019objectif est simple : tester, exp\u00e9rimenter et s\u2019amuser tout en apprenant les bases.<\/p>\n\n\n\n<p class=\"has-text-align-left has-white-color has-text-color has-link-color wp-elements-b366dd26a713142a66de20dab8040458\" style=\"font-size:25px\"><br>Au programme, 5 activit\u00e9s diff \u00e9rentes, dont certaines au choix :<br>Le simulateur de vol (activit\u00e9 obligatoire) permet de d\u00e9couvrir les bases du pilotage FPV sans risque et de comprendre les commandes.<\/p>\n\n\n\n<p class=\"has-text-align-left has-white-color has-text-color has-link-color wp-elements-2c22f4082c2db2b09932c8bf53dccb91\" style=\"font-size:25px\"><br>Ensuite, chaque participant peut choisir 2 activit\u00e9s parmi les suivantes :<\/p>\n\n\n\n<p class=\"has-text-align-left has-white-color has-text-color has-link-color wp-elements-60eb53731cd2441530f1094c1871ebda\" style=\"font-size:25px\"><br>FPV Cars : pilotage de voitures en immersion FPV pour travailler pr\u00e9cision et r\u00e9flexes<br><\/p>\n\n\n\n<p class=\"has-text-align-left has-white-color has-text-color has-link-color wp-elements-a9c1321c392943cabd91c2c6860f0be5\" style=\"font-size:25px\">Fly Ball : d\u00e9couverte ludique d\u2019un mini-drone sph\u00e9rique, fun et accessible<\/p>\n\n\n\n<p class=\"has-text-align-left has-white-color has-text-color has-link-color wp-elements-1e91fa13eb7d1115b4fc09aeaa42fc11\" style=\"font-size:25px\"><br>Vol \u00e0 vue stabilis\u00e9 (Tello) : apprentissage du pilotage classique avec assistance<br><\/p>\n\n\n\n<p class=\"has-text-align-left has-white-color has-text-color has-link-color wp-elements-f4ebed705db80a6fc6913d54c1d8172b\" style=\"font-size:25px\">XR (r\u00e9alit\u00e9 \u00e9tendue) : immersion dans des environnements virtuels interactifs li\u00e9s au drone.<\/p>\n\n\n\n<p class=\"has-text-align-left has-white-color has-text-color has-link-color wp-elements-7e25469b7cc45f45a62ab488684ff46c\" style=\"font-size:25px\"><br>Les activit\u00e9s sont con\u00e7ues pour \u00eatre courtes, dynamiques et compl\u00e9mentaires, afi n de permettre \u00e0 chacun de d\u00e9couvrir plusieurs approches du pilotage.<\/p>\n\n\n\n<p class=\"has-text-align-left has-white-color has-text-color has-link-color wp-elements-8c996c8b1bacff83f0bb2d7ed2882386\" style=\"font-size:25px\"><br>Accessible sans aucune exp\u00e9rience pr\u00e9alable, cette initiation est id\u00e9ale pour une premi\u00e8re approche du monde du drone.<br>Entre d\u00e9couverte, jeu et premi\u00e8res sensations de pilotage, chacun repart avec une meilleure compr\u00e9hension des drones\u2026 et souvent l\u2019envie d\u2019aller plus loin<\/p>\n\n\n\n<p class=\"has-light-green-cyan-color has-text-color has-link-color wp-elements-26edfd05839338e28321ef0bfa33b31a\" style=\"font-size:25px\"><strong>Horaires : <\/strong><\/p>\n\n\n\n<ul class=\"wp-block-list\">\n<li><\/li>\n<\/ul>\n\n\n\n<p class=\"has-light-green-cyan-color has-text-color has-link-color wp-elements-1663cc051f07d196510ae5331481b8f2\" style=\"font-size:25px\"><strong>Tarif d\u00e9gressif : <\/strong><\/p>\n\n\n\n<ul class=\"wp-block-list\">\n<li>Solo (1per) : 35\u20ac<\/li>\n\n\n\n<li>Duo (2per) : 60\u20ac<\/li>\n\n\n\n<li>Trio (3per) : 75\u20ac<\/li>\n\n\n\n<li>Quattro (4per) : 80\u20ac<\/li>\n<\/ul>\n\n\n\n<p class=\"has-light-green-cyan-color has-text-color has-link-color wp-elements-54a3ad5a812dc1ea2706e701a0b4e679\">En option : Trente minutes suppl\u00e9mentaires : 20\u20ac<\/p>\n<\/div><\/details>\n<\/div>\n\n\n\n<div id=\"wp-block-themeisle-blocks-accordion-17b56b87\" class=\"wp-block-themeisle-blocks-accordion exclusive has-dark-title-bg has-dark-active-title-bg has-dark-content-bg\">\n<details class=\"wp-block-themeisle-blocks-accordion-item\"><summary class=\"wp-block-themeisle-blocks-accordion-item__title\"><div><strong>Drone Discovery Birthday<\/strong><\/div><\/summary><div class=\"wp-block-themeisle-blocks-accordion-item__content\">\n<p class=\"has-light-green-cyan-color has-text-color has-link-color wp-elements-0871e72d6c5b5a676e100a8110d49450\" style=\"font-size:25px\">Viens f\u00eater ton anniversaire chez Adrena et vivre une exp\u00e9rience totalement unique et souffle tes bougies avec des h\u00e9lices !<\/p>\n\n\n\n<p class=\"has-x-large-font-size\"><strong>D\u00e9scription : <\/strong><br><\/p>\n\n\n\n<p style=\"font-size:22px\">Au programme : d\u00e9couverte du pilotage FPV, sensations, fun et rires entre amis, le tout dans un cadre <strong>s\u00e9curis\u00e9 et encadr\u00e9 par des pros<\/strong>.<br>Une mani\u00e8re originale et m\u00e9morable de c\u00e9l\u00e9brer son anniversaire et de repartir avec des souvenirs plein la t\u00eate.<\/p>\n<\/div><\/details>\n<\/div>\n\n\n\n<div id=\"wp-block-themeisle-blocks-accordion-e975a419\" class=\"wp-block-themeisle-blocks-accordion exclusive has-dark-title-bg  has-dark-active-title-bg has-dark-content-bg\">\n<details class=\"wp-block-themeisle-blocks-accordion-item\"><summary class=\"wp-block-themeisle-blocks-accordion-item__title\"><div><strong>Stages de vacances<\/strong><\/div><\/summary><div class=\"wp-block-themeisle-blocks-accordion-item__content\"><div class=\"wp-block-image\">\n<figure class=\"aligncenter size-large is-resized\"><img loading=\"lazy\" decoding=\"async\" width=\"1024\" height=\"341\" src=\"https:\/\/adrena.fun\/wp-content\/uploads\/2026\/03\/41552_adrena_logo_PS_GR-031-1024x341.png\" alt=\"\" class=\"wp-image-616\" style=\"aspect-ratio:3.0031465210163857;width:471px;height:auto\" srcset=\"https:\/\/adrena.fun\/wp-content\/uploads\/2026\/03\/41552_adrena_logo_PS_GR-031-1024x341.png 1024w, https:\/\/adrena.fun\/wp-content\/uploads\/2026\/03\/41552_adrena_logo_PS_GR-031-300x100.png 300w, https:\/\/adrena.fun\/wp-content\/uploads\/2026\/03\/41552_adrena_logo_PS_GR-031-768x256.png 768w, https:\/\/adrena.fun\/wp-content\/uploads\/2026\/03\/41552_adrena_logo_PS_GR-031-1536x512.png 1536w, https:\/\/adrena.fun\/wp-content\/uploads\/2026\/03\/41552_adrena_logo_PS_GR-031-2048x683.png 2048w\" sizes=\"auto, (max-width: 1024px) 100vw, 1024px\" \/><\/figure>\n<\/div>\n\n\n<p class=\"has-text-align-center has-light-green-cyan-color has-text-color has-link-color wp-elements-4d09d11c279462b90e32916e64c834e7\" style=\"font-size:25px\"><strong>Stage Initiation Drone<\/strong><\/p>\n\n\n\n<p style=\"font-size:22px\">Offrez \u00e0 votre enfant une semaine originale, ludique et enrichissante dans l\u2019univers des drones <\/p>\n\n\n\n<p style=\"font-size:22px\">Pendant 5 jours, les participants d\u00e9couvrent le pilotage de drones \u00e0 travers des activit\u00e9s vari\u00e9es, accessibles et encadr\u00e9es, dans un environnement s\u00e9curis\u00e9 et adapt\u00e9 \u00e0 leur \u00e2ge.<\/p>\n\n\n\n<p style=\"font-size:22px\">Notre objectif : apprendre en s\u2019amusant, d\u00e9velopper la concentration, la coordination et la curiosit\u00e9 technologique.<\/p>\n\n\n\n<p style=\"font-size:22px\">Au programme de la semaine :<\/p>\n\n\n\n<ul class=\"wp-block-list\">\n<li style=\"font-size:22px\">Initiation au pilotage sur simulateur (sans risque)<\/li>\n\n\n\n<li style=\"font-size:22px\">Premiers vols de drones en toute s\u00e9curit\u00e9<\/li>\n\n\n\n<li style=\"font-size:22px\">D\u00e9couverte de diff\u00e9rents types de drones (FPV, Flyball, drones stabilis\u00e9s\u2026)<\/li>\n\n\n\n<li style=\"font-size:22px\">Activit\u00e9s ludiques comme les FPV Cars et petits d\u00e9fis<\/li>\n\n\n\n<li style=\"font-size:22px\">Introduction simple aux bases du fonctionnement des drones<\/li>\n\n\n\n<li style=\"font-size:22px\">Moments de cr\u00e9ativit\u00e9 et de manipulation (selon les groupes)<\/li>\n<\/ul>\n\n\n\n<p style=\"font-size:22px\">Tout au long du stage, les enfants progressent \u00e0 leur rythme, accompagn\u00e9s par des encadrants attentifs et exp\u00e9riment\u00e9s.<\/p>\n\n\n\n<p style=\"font-size:22px\"><strong>Aucune exp\u00e9rience pr\u00e9alable n\u2019est n\u00e9cessaire.<\/strong><\/p>\n\n\n\n<p style=\"font-size:22px\">Nous accordons une grande importance \u00e0 la s\u00e9curit\u00e9, au respect du mat\u00e9riel et au plaisir d\u2019apprendre dans une ambiance conviviale.<\/p>\n\n\n\n<p style=\"font-size:22px\"><strong><em>*Groupes limit\u00e9s \u00e0 12 enfants maximum par semaine, afin de garantir un encadrement de qualit\u00e9 et une attention personnalis\u00e9e.<\/em><\/strong><\/p>\n\n\n\n<p class=\"has-light-green-cyan-color has-text-color has-link-color wp-elements-9bcf412acb753212601ba1863866065a\" style=\"font-size:25px\"><strong>Informations &amp; inscriptions<\/strong><\/p>\n\n\n\n<p style=\"font-size:22px\">Les inscriptions se font <strong>par t\u00e9l\u00e9phone<\/strong> afin de r\u00e9pondre \u00e0 toutes vos questions et vous donner les d\u00e9tails pratiques (horaires, \u00e2ge, lieu, mat\u00e9riel, etc.).<\/p>\n\n\n\n<p style=\"font-size:22px\">Une fois l\u2019inscription confirm\u00e9e, vous recevrez un <strong>email r\u00e9capitulatif<\/strong> avec toutes les informations utiles, ainsi que les modalit\u00e9s de paiement (num\u00e9ro de compte, etc.).<\/p>\n\n\n\n<p class=\"has-light-green-cyan-color has-text-color has-link-color wp-elements-2c6e3e3b892f7ca2d3d445027bc1b948\" style=\"font-size:23px\"><em><strong>R\u00e9servation par t\u00e9l\u00e9phone : +32 489 20 46 96<\/strong><\/em><\/p>\n\n\n\n<p class=\"has-light-green-cyan-color has-text-color has-link-color wp-elements-4d3900e4f4b1be675870ddd699d149f9\" style=\"font-size:25px\"><strong>Tarifs : <\/strong><\/p>\n\n\n\n<p>349\u20ac &#8211; (pack classique)<\/p>\n\n\n\n<p>399\u20ac &#8211; (pack Liftoff &#8211; Licence Steam pour simulateur Liftoff Micro Drones + radiocommande)<\/p>\n<\/div><\/details>\n<\/div>\n\n\n\n<p><\/p>\n","protected":false},"excerpt":{"rendered":"","protected":false},"author":4,"featured_media":0,"parent":0,"menu_order":0,"comment_status":"closed","ping_status":"closed","template":"","meta":{"_themeisle_gutenberg_block_has_review":false,"footnotes":""},"class_list":["post-389","page","type-page","status-publish","hentry"],"_links":{"self":[{"href":"https:\/\/adrena.fun\/home\/wp-json\/wp\/v2\/pages\/389","targetHints":{"allow":["GET"]}}],"collection":[{"href":"https:\/\/adrena.fun\/home\/wp-json\/wp\/v2\/pages"}],"about":[{"href":"https:\/\/adrena.fun\/home\/wp-json\/wp\/v2\/types\/page"}],"author":[{"embeddable":true,"href":"https:\/\/adrena.fun\/home\/wp-json\/wp\/v2\/users\/4"}],"replies":[{"embeddable":true,"href":"https:\/\/adrena.fun\/home\/wp-json\/wp\/v2\/comments?post=389"}],"version-history":[{"count":36,"href":"https:\/\/adrena.fun\/home\/wp-json\/wp\/v2\/pages\/389\/revisions"}],"predecessor-version":[{"id":758,"href":"https:\/\/adrena.fun\/home\/wp-json\/wp\/v2\/pages\/389\/revisions\/758"}],"wp:attachment":[{"href":"https:\/\/adrena.fun\/home\/wp-json\/wp\/v2\/media?parent=389"}],"curies":[{"name":"wp","href":"https:\/\/api.w.org\/{rel}","templated":true}]}}